{"id":23926,"date":"2024-08-20T12:31:04","date_gmt":"2024-08-20T10:31:04","guid":{"rendered":"https:\/\/vibewe.de\/?page_id=23926"},"modified":"2025-09-17T13:00:37","modified_gmt":"2025-09-17T11:00:37","slug":"beitraege","status":"publish","type":"page","link":"https:\/\/vibewe.de\/?page_id=23926","title":{"rendered":"Projekte"},"content":{"rendered":"<section class=\"l-section wpb_row height_small\"><div class=\"l-section-h i-cf\"><div class=\"g-cols vc_row via_grid cols_1 laptops-cols_inherit tablets-cols_inherit mobiles-cols_1 valign_middle type_default stacking_default\"><div class=\"wpb_column vc_column_container\"><div class=\"vc_column-inner\"><h2 class=\"w-text us_custom_b48a3196\"><span class=\"w-text-h\"><span class=\"w-text-value\">Die Bausteine f\u00fcr eine Bessere Welt<\/span><\/span><\/h2><\/div><\/div><\/div><\/div><\/section><section class=\"l-section wpb_row height_auto width_full\"><div class=\"l-section-h i-cf\"><div class=\"g-cols vc_row via_grid cols_1 laptops-cols_inherit tablets-cols_inherit mobiles-cols_1 valign_top type_default stacking_default\"><div class=\"wpb_column vc_column_container\"><div class=\"vc_column-inner\"><div class=\"w-grid us_grid with_filters type_masonry layout_24301 cols_4 pagination_ajax preload_style_spinner with_isotope with_css_animation ratio_1x1\" id=\"us_grid_1\" style=\"--columns:4;--gap:0px;--item-ratio:1;\"><style>@media (max-width:1380px){#us_grid_1{--columns:3!important}}@media (max-width:1024px){#us_grid_1{--columns:2!important}}@media (max-width:600px){#us_grid_1{--columns:1!important}}@media (min-width:1024px){#us_grid_1 .w-post-elm.post_title{font-size:1.4rem!important}}.layout_24301 .w-grid-item-h{background:#ffffff}.layout_24301 .usg_post_image_1{transition-duration:0.35s;transform-origin:50% 50%;transform:scale(1) translate(0%,0%)}.layout_24301 .w-grid-item-h:focus-within .usg_post_image_1,.layout_24301 .w-grid-item-h:hover .usg_post_image_1{transform:scale(1.2) translate(0%,0%);opacity:0.15;background:var(--color-header-top-transparent-bg)!important}.layout_24301 .usg_vwrapper_1{transition-duration:0.35s;transform-origin:50% 50%;transform:scale(1) translate(0%,0%)}.layout_24301 .w-grid-item-h:focus-within .usg_vwrapper_1,.layout_24301 .w-grid-item-h:hover .usg_vwrapper_1{transform:scale(1) translate(0%,0%);opacity:0}.layout_24301 .usg_post_custom_field_1{transition-duration:0.3s;transform-origin:50% 50%;transform:scale(1) translate(0%,0%);opacity:0}.layout_24301 .w-grid-item-h:focus-within .usg_post_custom_field_1,.layout_24301 .w-grid-item-h:hover .usg_post_custom_field_1{transform:scale(1) translate(0%,0%);opacity:1;color:var(--color-header-middle-text)!important}.layout_24301 .usg_post_image_1{position:absolute!important;left:0!important;top:0!important;bottom:0!important;right:0!important}.layout_24301 .usg_vwrapper_1{position:absolute!important;left:0!important;bottom:0!important;right:0!important;background:linear-gradient(transparent,rgba(30,30,30,0.8))!important;padding:4rem 2rem 1.5rem 2rem!important}.layout_24301 .usg_post_title_1{color:#fff!important;font-size:1.2rem!important}.layout_24301 .usg_post_taxonomy_1{color:#fff!important;font-size:0.9rem!important}.layout_24301 .usg_post_custom_field_1{text-align:left!important;font-size:16px!important;padding:6px!important}<\/style><div class=\"g-filters style_3 align_center\"><button class=\"g-filters-item active\" data-taxonomy=\"*\"><span>Alle<\/span><\/button><button class=\"g-filters-item\" data-taxonomy=\"frieden\" data-amount=\"5\"><span>Frieden<\/span><span class=\"g-filters-item-amount\">5<\/span><\/button><button class=\"g-filters-item\" data-taxonomy=\"gesundheit\" data-amount=\"2\"><span>Gesundheit<\/span><span class=\"g-filters-item-amount\">2<\/span><\/button><button class=\"g-filters-item\" data-taxonomy=\"menschenrechte\" data-amount=\"3\"><span>Menschenrechte<\/span><span class=\"g-filters-item-amount\">3<\/span><\/button><button class=\"g-filters-item\" data-taxonomy=\"personen\" data-amount=\"10\"><span>Personen<\/span><span class=\"g-filters-item-amount\">10<\/span><\/button><button class=\"g-filters-item\" data-taxonomy=\"umwelt\" data-amount=\"1\"><span>Umwelt<\/span><span class=\"g-filters-item-amount\">1<\/span><\/button><\/div><div class=\"w-grid-list\" data-filter_taxonomy_name=\"category\">\t<article class=\"w-grid-item us_animate_fade off_autostart post-26335 post type-post status-publish format-standard has-post-thumbnail hentry category-frieden category-personen tag-andrew-feinstein\" data-id=\"26335\" style=\"animation-delay:0s\">\r\n\t\t<div class=\"w-grid-item-h\">\r\n\t\t\t\t\t\t\t<a href=\"https:\/\/vibewe.de\/?p=26335\" class=\"w-grid-item-anchor\" aria-label=\"Andrew Feinstein\"><\/a>\r\n\t\t\t\t\t\t<div class=\"w-post-elm post_image usg_post_image_1 stretched\"><img fetchpriority=\"high\" decoding=\"async\" width=\"1013\" height=\"1013\" src=\"https:\/\/vibewe.de\/wp-content\/uploads\/2024\/10\/Andrew-Feinstein-new.jpg\" class=\"attachment-large size-large wp-post-image\" alt=\"\" srcset=\"https:\/\/vibewe.de\/wp-content\/uploads\/2024\/10\/Andrew-Feinstein-new.jpg 1013w, https:\/\/vibewe.de\/wp-content\/uploads\/2024\/10\/Andrew-Feinstein-new-300x300.jpg 300w, https:\/\/vibewe.de\/wp-content\/uploads\/2024\/10\/Andrew-Feinstein-new-150x150.jpg 150w, https:\/\/vibewe.de\/wp-content\/uploads\/2024\/10\/Andrew-Feinstein-new-600x600.jpg 600w\" sizes=\"(max-width: 1013px) 100vw, 1013px\" \/><\/div><div class=\"w-post-elm post_custom_field usg_post_custom_field_1 type_text kurzbeschreibung_des_beitags color_link_inherit\"><span class=\"w-post-elm-value\">Andrew Feinstein (geb. 16.03.1964) ehemaliger Abgeordneter der Nationalversammlung S\u00fcdafrikas und Autor des Buches \u201eThe Shadow World\u201c.<\/span><\/div><div class=\"w-vwrapper usg_vwrapper_1 align_left valign_top\" style=\"--vwrapper-gap:0.6rem\"><h2 class=\"w-post-elm post_title usg_post_title_1 has_text_color entry-title color_link_inherit\">Andrew Feinstein<\/h2><div class=\"w-post-elm post_taxonomy usg_post_taxonomy_1 has_text_color style_simple color_link_inherit\"><span class=\"term-68 term-frieden\">Frieden<\/span><b>, <\/b><span class=\"term-72 term-personen\">Personen<\/span><\/div><\/div>\t\t<\/div>\r\n\t\t\t<\/article>\r\n\t<article class=\"w-grid-item us_animate_fade off_autostart post-26157 post type-post status-publish format-standard has-post-thumbnail hentry category-frieden category-personen tag-daniel-harrich\" data-id=\"26157\" style=\"animation-delay:0.1s\">\r\n\t\t<div class=\"w-grid-item-h\">\r\n\t\t\t\t\t\t\t<a href=\"https:\/\/vibewe.de\/?p=26157\" class=\"w-grid-item-anchor\" aria-label=\"Daniel Harrich\"><\/a>\r\n\t\t\t\t\t\t<div class=\"w-post-elm post_image usg_post_image_1 stretched\"><img decoding=\"async\" width=\"713\" height=\"1024\" src=\"https:\/\/vibewe.de\/wp-content\/uploads\/2025\/06\/Daniel_Harrich_01_23396818692_cropped-713x1024.jpg\" class=\"attachment-large size-large wp-post-image\" alt=\"Ulrich Chaussy (Journalist), Daniel Harrich (Regisseur, Dokumentarfilmer)\" srcset=\"https:\/\/vibewe.de\/wp-content\/uploads\/2025\/06\/Daniel_Harrich_01_23396818692_cropped-713x1024.jpg 713w, https:\/\/vibewe.de\/wp-content\/uploads\/2025\/06\/Daniel_Harrich_01_23396818692_cropped-209x300.jpg 209w, https:\/\/vibewe.de\/wp-content\/uploads\/2025\/06\/Daniel_Harrich_01_23396818692_cropped.jpg 998w\" sizes=\"(max-width: 713px) 100vw, 713px\" \/><\/div><div class=\"w-post-elm post_custom_field usg_post_custom_field_1 type_text kurzbeschreibung_des_beitags color_link_inherit\"><p>Daniel Harrich (geb. 07.08.1983) ist ein deutscher Dokumentarfilmer und der Erfinder des \u201eInvestigativen Spielfilms\u201c.<\/p>\n<\/div><div class=\"w-vwrapper usg_vwrapper_1 align_left valign_top\" style=\"--vwrapper-gap:0.6rem\"><h2 class=\"w-post-elm post_title usg_post_title_1 has_text_color entry-title color_link_inherit\">Daniel Harrich<\/h2><div class=\"w-post-elm post_taxonomy usg_post_taxonomy_1 has_text_color style_simple color_link_inherit\"><span class=\"term-68 term-frieden\">Frieden<\/span><b>, <\/b><span class=\"term-72 term-personen\">Personen<\/span><\/div><\/div>\t\t<\/div>\r\n\t\t\t<\/article>\r\n\t<article class=\"w-grid-item us_animate_fade off_autostart post-26173 post type-post status-publish format-standard has-post-thumbnail hentry category-frieden category-personen tag-erica-chenoweth\" data-id=\"26173\" style=\"animation-delay:0.2s\">\r\n\t\t<div class=\"w-grid-item-h\">\r\n\t\t\t\t\t\t\t<a href=\"https:\/\/vibewe.de\/?p=26173\" class=\"w-grid-item-anchor\" aria-label=\"Erica Chenoweth\"><\/a>\r\n\t\t\t\t\t\t<div class=\"w-post-elm post_image usg_post_image_1 stretched\"><img decoding=\"async\" width=\"1024\" height=\"688\" src=\"https:\/\/vibewe.de\/wp-content\/uploads\/2024\/11\/EC7-scaled-1-1024x688.jpeg\" class=\"attachment-large size-large wp-post-image\" alt=\"\" srcset=\"https:\/\/vibewe.de\/wp-content\/uploads\/2024\/11\/EC7-scaled-1-1024x688.jpeg 1024w, https:\/\/vibewe.de\/wp-content\/uploads\/2024\/11\/EC7-scaled-1-300x202.jpeg 300w\" sizes=\"(max-width: 1024px) 100vw, 1024px\" \/><\/div><div class=\"w-post-elm post_custom_field usg_post_custom_field_1 type_text kurzbeschreibung_des_beitags color_link_inherit\"><p>Erica Chenoweth (geb. 22. 04.1980) ist eine renommierte Politikwissenschaftlerin und Expertin f\u00fcr gewaltfreie Konfliktl\u00f6sung.<\/p>\n<\/div><div class=\"w-vwrapper usg_vwrapper_1 align_left valign_top\" style=\"--vwrapper-gap:0.6rem\"><h2 class=\"w-post-elm post_title usg_post_title_1 has_text_color entry-title color_link_inherit\">Erica Chenoweth<\/h2><div class=\"w-post-elm post_taxonomy usg_post_taxonomy_1 has_text_color style_simple color_link_inherit\"><span class=\"term-68 term-frieden\">Frieden<\/span><b>, <\/b><span class=\"term-72 term-personen\">Personen<\/span><\/div><\/div>\t\t<\/div>\r\n\t\t\t<\/article>\r\n\t<article class=\"w-grid-item us_animate_fade off_autostart post-26179 post type-post status-publish format-standard has-post-thumbnail hentry category-gesundheit category-personen tag-rosi-gollmann\" data-id=\"26179\" style=\"animation-delay:0.3s\">\r\n\t\t<div class=\"w-grid-item-h\">\r\n\t\t\t\t\t\t\t<a href=\"https:\/\/vibewe.de\/?p=26179\" class=\"w-grid-item-anchor\" aria-label=\"Rosi Gollmann\"><\/a>\r\n\t\t\t\t\t\t<div class=\"w-post-elm post_image usg_post_image_1 stretched\"><img loading=\"lazy\" decoding=\"async\" width=\"566\" height=\"851\" src=\"https:\/\/vibewe.de\/wp-content\/uploads\/2025\/06\/GOLLMANN_ROSI1.jpg\" class=\"attachment-large size-large wp-post-image\" alt=\"\" srcset=\"https:\/\/vibewe.de\/wp-content\/uploads\/2025\/06\/GOLLMANN_ROSI1.jpg 566w, https:\/\/vibewe.de\/wp-content\/uploads\/2025\/06\/GOLLMANN_ROSI1-200x300.jpg 200w\" sizes=\"(max-width: 566px) 100vw, 566px\" \/><\/div><div class=\"w-post-elm post_custom_field usg_post_custom_field_1 type_text kurzbeschreibung_des_beitags color_link_inherit\"><span class=\"w-post-elm-value\">Rosi Gollmann (geb. 1940) ist eine herausragende Pers\u00f6nlichkeit der deutschen Sozialarbeit und des Ehrenamts.<\/span><\/div><div class=\"w-vwrapper usg_vwrapper_1 align_left valign_top\" style=\"--vwrapper-gap:0.6rem\"><h2 class=\"w-post-elm post_title usg_post_title_1 has_text_color entry-title color_link_inherit\">Rosi Gollmann<\/h2><div class=\"w-post-elm post_taxonomy usg_post_taxonomy_1 has_text_color style_simple color_link_inherit\"><span class=\"term-104 term-gesundheit\">Gesundheit<\/span><b>, <\/b><span class=\"term-72 term-personen\">Personen<\/span><\/div><\/div>\t\t<\/div>\r\n\t\t\t<\/article>\r\n\t<article class=\"w-grid-item us_animate_fade off_autostart post-26207 post type-post status-publish format-standard has-post-thumbnail hentry category-frieden category-menschenrechte category-personen tag-heike-haensel\" data-id=\"26207\" style=\"animation-delay:0.4s\">\r\n\t\t<div class=\"w-grid-item-h\">\r\n\t\t\t\t\t\t\t<a href=\"https:\/\/vibewe.de\/?p=26207\" class=\"w-grid-item-anchor\" aria-label=\"Heike H\u00e4nsel\"><\/a>\r\n\t\t\t\t\t\t<div class=\"w-post-elm post_image usg_post_image_1 stretched\"><img loading=\"lazy\" decoding=\"async\" width=\"682\" height=\"1024\" src=\"https:\/\/vibewe.de\/wp-content\/uploads\/2025\/06\/wk290-haensel-682x1024.jpg\" class=\"attachment-large size-large wp-post-image\" alt=\"\" srcset=\"https:\/\/vibewe.de\/wp-content\/uploads\/2025\/06\/wk290-haensel-682x1024.jpg 682w, https:\/\/vibewe.de\/wp-content\/uploads\/2025\/06\/wk290-haensel-200x300.jpg 200w, https:\/\/vibewe.de\/wp-content\/uploads\/2025\/06\/wk290-haensel-scaled.jpg 1706w\" sizes=\"(max-width: 682px) 100vw, 682px\" \/><\/div><div class=\"w-post-elm post_custom_field usg_post_custom_field_1 type_text kurzbeschreibung_des_beitags color_link_inherit\"><span class=\"w-post-elm-value\">Heike H\u00e4nsel (geb. 01.01.1966) ist eine engagierte deutsche Politikerin, die sich durch ihren unerm\u00fcdlichen Einsatz f\u00fcr soziale Gerechtigkeit, Menschenrechte und eine gerechte Bildungspolitik einen Namen gemacht hat.<\/span><\/div><div class=\"w-vwrapper usg_vwrapper_1 align_left valign_top\" style=\"--vwrapper-gap:0.6rem\"><h2 class=\"w-post-elm post_title usg_post_title_1 has_text_color entry-title color_link_inherit\">Heike H\u00e4nsel<\/h2><div class=\"w-post-elm post_taxonomy usg_post_taxonomy_1 has_text_color style_simple color_link_inherit\"><span class=\"term-68 term-frieden\">Frieden<\/span><b>, <\/b><span class=\"term-103 term-menschenrechte\">Menschenrechte<\/span><b>, <\/b><span class=\"term-72 term-personen\">Personen<\/span><\/div><\/div>\t\t<\/div>\r\n\t\t\t<\/article>\r\n\t<article class=\"w-grid-item us_animate_fade off_autostart post-26225 post type-post status-publish format-standard has-post-thumbnail hentry category-frieden category-personen tag-dalai-lama\" data-id=\"26225\" style=\"animation-delay:0.5s\">\r\n\t\t<div class=\"w-grid-item-h\">\r\n\t\t\t\t\t\t\t<a href=\"https:\/\/vibewe.de\/?p=26225\" class=\"w-grid-item-anchor\" aria-label=\"Dalai Lama\"><\/a>\r\n\t\t\t\t\t\t<div class=\"w-post-elm post_image usg_post_image_1 stretched\"><img loading=\"lazy\" decoding=\"async\" width=\"727\" height=\"1024\" src=\"https:\/\/vibewe.de\/wp-content\/uploads\/2024\/10\/Hh_Dalai_Lama_153287781-727x1024.jpeg\" class=\"attachment-large size-large wp-post-image\" alt=\"\" srcset=\"https:\/\/vibewe.de\/wp-content\/uploads\/2024\/10\/Hh_Dalai_Lama_153287781-727x1024.jpeg 727w, https:\/\/vibewe.de\/wp-content\/uploads\/2024\/10\/Hh_Dalai_Lama_153287781-213x300.jpeg 213w, https:\/\/vibewe.de\/wp-content\/uploads\/2024\/10\/Hh_Dalai_Lama_153287781.jpeg 747w\" sizes=\"(max-width: 727px) 100vw, 727px\" \/><\/div><div class=\"w-post-elm post_custom_field usg_post_custom_field_1 type_text kurzbeschreibung_des_beitags color_link_inherit\"><span class=\"w-post-elm-value\">Der Dalai Lama (geb. 06.07.1935) ist das spirituelle Oberhaupt der Tibeter und ein weltweit gesch\u00e4tzter Botschafter des Friedens.<\/span><\/div><div class=\"w-vwrapper usg_vwrapper_1 align_left valign_top\" style=\"--vwrapper-gap:0.6rem\"><h2 class=\"w-post-elm post_title usg_post_title_1 has_text_color entry-title color_link_inherit\">Dalai Lama<\/h2><div class=\"w-post-elm post_taxonomy usg_post_taxonomy_1 has_text_color style_simple color_link_inherit\"><span class=\"term-68 term-frieden\">Frieden<\/span><b>, <\/b><span class=\"term-72 term-personen\">Personen<\/span><\/div><\/div>\t\t<\/div>\r\n\t\t\t<\/article>\r\n\t<article class=\"w-grid-item us_animate_fade off_autostart post-26220 post type-post status-publish format-standard has-post-thumbnail hentry category-menschenrechte category-personen tag-narges-safie-mohammadi\" data-id=\"26220\" style=\"animation-delay:0.6s\">\r\n\t\t<div class=\"w-grid-item-h\">\r\n\t\t\t\t\t\t\t<a href=\"https:\/\/vibewe.de\/?p=26220\" class=\"w-grid-item-anchor\" aria-label=\"Narges Safie Mohammadi\"><\/a>\r\n\t\t\t\t\t\t<div class=\"w-post-elm post_image usg_post_image_1 stretched\"><img loading=\"lazy\" decoding=\"async\" width=\"915\" height=\"1024\" src=\"https:\/\/vibewe.de\/wp-content\/uploads\/2024\/10\/Narges_Mohammadi_cropped.jpg\" class=\"attachment-large size-large wp-post-image\" alt=\"\" srcset=\"https:\/\/vibewe.de\/wp-content\/uploads\/2024\/10\/Narges_Mohammadi_cropped.jpg 916w, https:\/\/vibewe.de\/wp-content\/uploads\/2024\/10\/Narges_Mohammadi_cropped-268x300.jpg 268w\" sizes=\"(max-width: 915px) 100vw, 915px\" \/><\/div><div class=\"w-post-elm post_custom_field usg_post_custom_field_1 type_text kurzbeschreibung_des_beitags color_link_inherit\"><span class=\"w-post-elm-value\">Narges Safie Mohammadi (geb. 21.04.1972) ist eine herausragende iranische Menschenrechtsaktivistin, die sich unerm\u00fcdlich f\u00fcr die Rechte von Frauen und Minderheiten in ihrem Heimatland einsetzt.<\/span><\/div><div class=\"w-vwrapper usg_vwrapper_1 align_left valign_top\" style=\"--vwrapper-gap:0.6rem\"><h2 class=\"w-post-elm post_title usg_post_title_1 has_text_color entry-title color_link_inherit\">Narges Safie Mohammadi<\/h2><div class=\"w-post-elm post_taxonomy usg_post_taxonomy_1 has_text_color style_simple color_link_inherit\"><span class=\"term-103 term-menschenrechte\">Menschenrechte<\/span><b>, <\/b><span class=\"term-72 term-personen\">Personen<\/span><\/div><\/div>\t\t<\/div>\r\n\t\t\t<\/article>\r\n<\/div>\t<div class=\"w-grid-preloader\">\r\n\t\t<div class=\"g-preloader type_1\">\r\n\t\t\t<div><\/div>\r\n\t\t<\/div>\r\n\t<\/div>\r\n\t\t\t\t<div class=\"g-loadmore  width_full\">\r\n\t\t\t\t<div class=\"g-preloader type_1\">\r\n\t\t\t\t\t<div><\/div>\r\n\t\t\t\t<\/div>\r\n\t\t\t\t<button class=\"w-btn us-btn-style_1\" style=\"font-size:1rem;\">\r\n\t\t\t\t\t<span class=\"w-btn-label\">Mehr laden<\/span>\r\n\t\t\t\t<\/button>\r\n\t\t\t<\/div>\r\n\t\t\t\t<div class=\"w-grid-json hidden\" onclick='return {&quot;action&quot;:&quot;us_ajax_grid&quot;,&quot;infinite_scroll&quot;:0,&quot;max_num_pages&quot;:2,&quot;pagination&quot;:&quot;ajax&quot;,&quot;template_vars&quot;:{&quot;columns&quot;:&quot;4&quot;,&quot;exclude_items&quot;:&quot;none&quot;,&quot;img_size&quot;:&quot;default&quot;,&quot;ignore_items_size&quot;:&quot;1&quot;,&quot;items_layout&quot;:&quot;24301&quot;,&quot;items_offset&quot;:&quot;1&quot;,&quot;load_animation&quot;:&quot;fade&quot;,&quot;overriding_link&quot;:&quot;%7B%22type%22%3A%22post%22%7D&quot;,&quot;post_id&quot;:0,&quot;query_args&quot;:{&quot;post_type&quot;:[&quot;post&quot;],&quot;post_status&quot;:[&quot;publish&quot;,&quot;acf-disabled&quot;],&quot;posts_per_page&quot;:&quot;7&quot;},&quot;orderby_query_args&quot;:{&quot;orderby&quot;:{&quot;date&quot;:&quot;DESC&quot;}},&quot;type&quot;:&quot;masonry&quot;,&quot;us_grid_post_type&quot;:&quot;post&quot;,&quot;us_grid_ajax_index&quot;:1,&quot;us_grid_filter_query_string&quot;:null,&quot;us_grid_index&quot;:1,&quot;page_args&quot;:[]}}'><\/div>\r\n\t<\/div><div class=\"w-separator size_small\"><\/div><\/div><\/div><\/div><\/div><\/section>\n","protected":false},"excerpt":{"rendered":"Narges Safie Mohammadi (geb. 21.04.1972) ist eine herausragende iranische Menschenrechtsaktivistin, die sich unerm\u00fcdlich f\u00fcr die Rechte von Frauen und Minderheiten in ihrem Heimatland einsetzt. Geboren in Teheran, hat Narges Safie Mohammadi sich fr\u00fch f\u00fcr soziale Gerechtigkeit und Gleichheit engagiert. Mohammadi ist besonders bekannt f\u00fcr ihren Einsatz gegen die Diskriminierung von Frauen und f\u00fcr die F\u00f6rderung...","protected":false},"author":2,"featured_media":0,"parent":0,"menu_order":0,"comment_status":"closed","ping_status":"closed","template":"","meta":{"_acf_changed":false,"footnotes":""},"class_list":["post-23926","page","type-page","status-publish","hentry"],"acf":[],"_links":{"self":[{"href":"https:\/\/vibewe.de\/index.php?rest_route=\/wp\/v2\/pages\/23926","targetHints":{"allow":["GET"]}}],"collection":[{"href":"https:\/\/vibewe.de\/index.php?rest_route=\/wp\/v2\/pages"}],"about":[{"href":"https:\/\/vibewe.de\/index.php?rest_route=\/wp\/v2\/types\/page"}],"author":[{"embeddable":true,"href":"https:\/\/vibewe.de\/index.php?rest_route=\/wp\/v2\/users\/2"}],"replies":[{"embeddable":true,"href":"https:\/\/vibewe.de\/index.php?rest_route=%2Fwp%2Fv2%2Fcomments&post=23926"}],"version-history":[{"count":11,"href":"https:\/\/vibewe.de\/index.php?rest_route=\/wp\/v2\/pages\/23926\/revisions"}],"predecessor-version":[{"id":27247,"href":"https:\/\/vibewe.de\/index.php?rest_route=\/wp\/v2\/pages\/23926\/revisions\/27247"}],"wp:attachment":[{"href":"https:\/\/vibewe.de\/index.php?rest_route=%2Fwp%2Fv2%2Fmedia&parent=23926"}],"curies":[{"name":"wp","href":"https:\/\/api.w.org\/{rel}","templated":true}]}}