{"id":24057,"date":"2024-08-29T11:22:12","date_gmt":"2024-08-29T09:22:12","guid":{"rendered":"https:\/\/vibewe.de\/?page_id=24057"},"modified":"2025-08-18T13:43:15","modified_gmt":"2025-08-18T11:43:15","slug":"simple-home","status":"publish","type":"page","link":"https:\/\/vibewe.de\/","title":{"rendered":"Simple Home"},"content":{"rendered":"<section class=\"l-section wpb_row us_custom_a518f36e us_animate_this height_medium full_height valign_center color_primary with_img\" id=\"first\"><div class=\"l-section-img\" role=\"img\" aria-label=\"Bild\" data-img-width=\"1920\" data-img-height=\"1243\" style=\"background-image: url(https:\/\/vibewe.de\/wp-content\/uploads\/2024\/08\/sunset-freiburg.jpg);\"><\/div><div class=\"l-section-overlay\" style=\"background:rgba(53,48,43,0.5)\"><\/div><div class=\"l-section-h i-cf\"><div class=\"g-cols vc_row via_grid cols_1 laptops-cols_inherit tablets-cols_inherit mobiles-cols_1 valign_top type_default stacking_default\"><div class=\"wpb_column vc_column_container align_center\"><div class=\"vc_column-inner\"><div class=\"wpb_text_column\"><div class=\"wpb_wrapper\"><h1 style=\"text-align: center;\">VibeWe<\/h1>\n<h1><strong>Vi<\/strong>sion <strong>be<\/strong>ssere <strong>We<\/strong>lt<\/h1>\n<\/div><\/div><div class=\"w-iconbox iconpos_top style_default color_custom align_center no_text no_title icontype_img\"><a href=\"#second\" class=\"w-iconbox-link\" aria-label><div class=\"w-iconbox-icon\" style=\"font-size:50px;--icon-color:#ffffff;\"><svg xmlns=\"http:\/\/www.w3.org\/2000\/svg\" viewBox=\"-5 -8 24 24\" width=\"28\" fill=\"currentColor\"><path d=\"M7.071 5.314l4.95-4.95a1 1 0 1 1 1.414 1.414L7.778 7.435a1 1 0 0 1-1.414 0L.707 1.778A1 1 0 1 1 2.121.364l4.95 4.95z\"><\/path><\/svg><\/div><\/a><div class=\"w-iconbox-meta\"><\/div><\/div><\/div><\/div><\/div><\/div><\/section><section class=\"l-section wpb_row height_medium full_height valign_center with_shape\" id=\"second\"><div class=\"l-section-shape type_triangle-2 pos_top hor_flip\" style=\"height:15vmin;color:var(--color-content-border)\"><svg xmlns=\"http:\/\/www.w3.org\/2000\/svg\" viewBox=\"0 0 64 8\" preserveAspectRatio=\"none\" width=\"100%\" height=\"100%\">\r\n\t<path fill=\"currentColor\" d=\"M64 8 L0 8 L0 0 L48 7.9 L64 0 Z\"\/>\r\n<\/svg><\/div><div class=\"l-section-shape type_triangle-2 pos_bottom\" style=\"height:15vmin;color:var(--color-content-border)\"><svg xmlns=\"http:\/\/www.w3.org\/2000\/svg\" viewBox=\"0 0 64 8\" preserveAspectRatio=\"none\" width=\"100%\" height=\"100%\">\r\n\t<path fill=\"currentColor\" d=\"M64 8 L0 8 L0 0 L48 7.9 L64 0 Z\"\/>\r\n<\/svg><\/div><div class=\"l-section-h i-cf\"><div class=\"g-cols vc_row via_grid cols_1 laptops-cols_inherit tablets-cols_inherit mobiles-cols_1 valign_top type_default stacking_default\"><div class=\"wpb_column vc_column_container us_custom_60e9caca us_animate_this\"><div class=\"vc_column-inner\"><div class=\"wpb_text_column\"><div class=\"wpb_wrapper\"><h2 style=\"text-align: center;\">Die Vision<\/h2>\n<\/div><\/div><div class=\"w-separator size_small\"><\/div><div class=\"g-cols wpb_row via_grid cols_2 laptops-cols_inherit tablets-cols_inherit mobiles-cols_1 valign_top type_default stacking_default\" style=\"--columns-gap:3rem;\"><div class=\"wpb_column vc_column_container us_custom_7e20fa79 us_animate_this\"><div class=\"vc_column-inner\"><div class=\"w-image align_none\"><div class=\"w-image-h\"><img loading=\"lazy\" decoding=\"async\" width=\"640\" height=\"360\" src=\"https:\/\/vibewe.de\/wp-content\/uploads\/2024\/08\/glass-sphere-4257388_640.jpg\" class=\"attachment-large size-large\" alt=\"\" loading=\"lazy\" srcset=\"https:\/\/vibewe.de\/wp-content\/uploads\/2024\/08\/glass-sphere-4257388_640.jpg 640w, https:\/\/vibewe.de\/wp-content\/uploads\/2024\/08\/glass-sphere-4257388_640-300x169.jpg 300w\" sizes=\"auto, (max-width: 640px) 100vw, 640px\" \/><\/div><\/div><\/div><\/div><div class=\"wpb_column vc_column_container us_custom_47474b22 us_animate_this\"><div class=\"vc_column-inner\"><div class=\"wpb_text_column\"><div class=\"wpb_wrapper\"><p>VibeWe \u2013 Vision bessere Welt \u2013 ist das neueste Projekt des R\u00fcstungsInformationsB\u00fcro e.V. in Freiburg. Mit VibeWe setzen wir uns f\u00fcr ein ges\u00fcnderes Miteinander und mehr Inklusion in der Gesellschaft ein.<\/p>\n<p>Durch positive Gedanken, gute Nachrichten und erf\u00fcllende Veranstaltungen schaffen wir Raum f\u00fcr das, was uns alle verbindet: gemeinsame Zeit, die von Zusammenhalt und frei von Vorurteilen ist.<\/p>\n<p>Egal, ob es der Ausbau der Inklusion &#8211; sowohl bei uns und unseren Arbeitspl\u00e4tzen, als auch bei anderen Firmen, Unternehmen und Organisationen &#8211; oder die Schaffung von Austauschm\u00f6glichkeiten innerhalb der Gesellschaft ist \u2013 wir wollen die Welt und alle ihre Bewohner zusammenbringen; Friedlich, Harmonisch, Gleichberechtigt.<\/p>\n<p>Miteinander statt gegeneinander, gemeinsam statt aneinander vorbei: Denn in einer Gesellschaft, in der Gleichberechtigung die neue Normalit\u00e4t ist, kommt es zu weniger Spannungen und Ausgrenzung.<\/p>\n<\/div><\/div><\/div><\/div><\/div><div class=\"w-separator size_medium\"><\/div><div class=\"w-btn-wrapper align_center\"><a class=\"w-btn us-btn-style_1\" href=\"https:\/\/vibewe.de\/?page_id=23926\"><span class=\"w-btn-label\">zu den Bausteinen einer besseren Welt<\/span><\/a><\/div><\/div><\/div><\/div><\/div><\/section><section class=\"l-section wpb_row height_medium full_height valign_center color_primary with_img\" id=\"third\"><div class=\"l-section-img\" role=\"img\" aria-label=\"Bild\" data-img-width=\"1920\" data-img-height=\"1423\" style=\"background-image: url(https:\/\/vibewe.de\/wp-content\/uploads\/2024\/08\/black-forest-6969581_1920.jpg);\"><\/div><div class=\"l-section-overlay\" style=\"background:rgba(17,17,17,0.60)\"><\/div><div class=\"l-section-h i-cf\"><div class=\"g-cols vc_row via_grid cols_1 laptops-cols_inherit tablets-cols_inherit mobiles-cols_1 valign_top type_default stacking_default\"><div class=\"wpb_column vc_column_container align_center\"><div class=\"vc_column-inner\"><div class=\"w-scroller style_1 pos_right with_dots\" aria-hidden=\"true\" data-speed=\"700\" data-disablewidth=\"767\"><div class=\"w-scroller-dots\" style=\"font-size:12px;color:var(--color-content-primary);\"><div class=\"w-scroller-dot\" role=\"button\"><span><\/span><\/div><\/div><\/div><div class=\"wpb_text_column\"><div class=\"wpb_wrapper\"><h4 style=\"text-align: center;\">VibeWe setzt sich daf\u00fcr ein, dass:<\/h4>\n<ul>\n<li style=\"text-align: center;\">alle Menschen gleichberechtigt am gesellschaftlichen Leben teilhaben k\u00f6nnen<\/li>\n<li style=\"text-align: center;\">Arbeitspl\u00e4tze, Bildungseinrichtungen und \u00f6ffentliche R\u00e4ume von vorneherein barrierefrei gestaltet werden<\/li>\n<li style=\"text-align: center;\">Informationen \u00fcber gemeinschaftliche Projekte und Unterst\u00fctzungsprogramme leichter zug\u00e4nglich sind<\/li>\n<li style=\"text-align: center;\">Bildungs &#8211; und Dialogformate entwickelt werden, die Austausch erm\u00f6glichen und unterschiedliche Perspektiven sichtbarer machen<\/li>\n<\/ul>\n<\/div><\/div><div class=\"w-separator size_medium\"><\/div><div class=\"g-cols wpb_row via_grid cols_4 laptops-cols_inherit tablets-cols_inherit mobiles-cols_1 valign_top type_default stacking_default\" style=\"--columns-gap:3rem;\"><div class=\"wpb_column vc_column_container\"><div class=\"vc_column-inner\"><div class=\"w-iconbox iconpos_top style_circle color_primary align_center icontype_img\"><div class=\"w-iconbox-icon\" style=\"font-size:3rem;\"><svg xmlns=\"http:\/\/www.w3.org\/2000\/svg\" viewBox=\"-2 -2 24 24\" width=\"28\" fill=\"currentColor\"><path d=\"M8 18h4V3a1 1 0 0 0-1-1H9a1 1 0 0 0-1 1v15zm6 .268A2 2 0 0 1 15 20H5a2 2 0 0 1 1-1.732V3a3 3 0 0 1 3-3h2a3 3 0 0 1 3 3v15.268zM9 9h2v2H9V9zm1-4a1 1 0 1 1 0-2 1 1 0 0 1 0 2z\"><\/path><path d=\"M2.572 8l1.017 4h12.85l1-4H2.571zM1.286 6h17.433a1 1 0 0 1 .97 1.243l-1.31 5.242A2 2 0 0 1 16.439 14H3.588a2 2 0 0 1-1.939-1.507L.317 7.246A1 1 0 0 1 1.286 6z\"><\/path><\/svg><\/div><div class=\"w-iconbox-meta\"><h4 class=\"w-iconbox-title\">Menschen vernetzen<\/h4><div class=\"w-iconbox-text\"><p>Eine Plattform schaffen f\u00fcr entsprechende Projekte aus Freiburg und der Welt<\/p>\n<\/div><\/div><\/div><\/div><\/div><div class=\"wpb_column vc_column_container\"><div class=\"vc_column-inner\"><div class=\"w-iconbox iconpos_top style_circle color_secondary align_center icontype_img\"><div class=\"w-iconbox-icon\" style=\"font-size:3rem;\"><svg xmlns=\"http:\/\/www.w3.org\/2000\/svg\" viewBox=\"-8 -1 24 24\" width=\"28\" fill=\"currentColor\"><path d=\"M2 10v1l1.25.43.602 8.433a.148.148 0 0 0 .296 0l.602-8.433L6 11v-1H2zM.535 8A3.982 3.982 0 0 1 0 6c0-1.473 1.333-3.473 4-6 2.667 2.527 4 4.527 4 6 0 .729-.195 1.412-.535 2H8v3a2 2 0 0 1-1.35 1.892l-.508 7.113a2.148 2.148 0 0 1-4.284 0l-.509-7.113A2 2 0 0 1 0 11V8h.535zm2.13-3.495C2.196 5.205 2 5.719 2 6a2 2 0 1 0 4 0c0-.281-.197-.795-.664-1.495-.333-.5-.779-1.056-1.336-1.663a14.084 14.084 0 0 0-1.336 1.663z\"><\/path><\/svg><\/div><div class=\"w-iconbox-meta\"><h4 class=\"w-iconbox-title\">Kooperationen<\/h4><div class=\"w-iconbox-text\"><p>Vernetzen und Zusammenarbeiten mit Organisationen und Menschen<\/p>\n<\/div><\/div><\/div><\/div><\/div><div class=\"wpb_column vc_column_container\"><div class=\"vc_column-inner\"><div class=\"w-iconbox iconpos_top style_circle color_light align_center icontype_img\"><div class=\"w-iconbox-icon\" style=\"font-size:3rem;\"><svg xmlns=\"http:\/\/www.w3.org\/2000\/svg\" viewBox=\"-2 -2.5 24 24\" width=\"28\" fill=\"currentColor\"><path d=\"M10 15.814L3.827 19.06l1.179-6.875L.01 7.317l6.902-1.003L10 .06l3.087 6.254 6.902 1.003-4.995 4.868 1.18 6.875L10 15.814zm0-2.26l3.517 1.85-.672-3.917 2.846-2.774-3.932-.571L10 4.579 8.241 8.142l-3.932.571 2.846 2.774-.672 3.916L10 13.554zM10 .06l3.087 6.254 6.902 1.003-4.995 4.868 1.18 6.875L10 15.814V.06z\"><\/path><\/svg><\/div><div class=\"w-iconbox-meta\"><h4 class=\"w-iconbox-title\">Menschen motivieren<\/h4><div class=\"w-iconbox-text\"><p>Eigene Veranstaltungen oder das t\u00e4gliche Verhalten &#8211; das wichtigste ist das eigene Denken und Handeln<\/p>\n<\/div><\/div><\/div><\/div><\/div><div class=\"wpb_column vc_column_container\"><div class=\"vc_column-inner\"><div class=\"w-iconbox iconpos_top style_circle color_custom align_center icontype_img\"><div class=\"w-iconbox-icon\" style=\"font-size:3rem;--icon-bg-color:var(--color-alt-content-faded);\"><svg xmlns=\"http:\/\/www.w3.org\/2000\/svg\" viewBox=\"-2 -1.5 24 24\" width=\"28\" fill=\"currentColor\"><path d=\"M3.534 11.07a1 1 0 1 1 .733 1.86A3.579 3.579 0 0 0 2 16.26V18a1 1 0 0 0 1 1h8a1 1 0 0 0 1-1v-1.647a3.658 3.658 0 0 0-2.356-3.419 1 1 0 1 1 .712-1.868A5.658 5.658 0 0 1 14 16.353V18a3 3 0 0 1-3 3H3a3 3 0 0 1-3-3v-1.74a5.579 5.579 0 0 1 3.534-5.19zM7 1a4 4 0 0 1 4 4v2a4 4 0 1 1-8 0V5a4 4 0 0 1 4-4zm0 2a2 2 0 0 0-2 2v2a2 2 0 1 0 4 0V5a2 2 0 0 0-2-2zm9 17a1 1 0 0 1 0-2h1a1 1 0 0 0 1-1v-1.838a3.387 3.387 0 0 0-2.316-3.213 1 1 0 1 1 .632-1.898A5.387 5.387 0 0 1 20 15.162V17a3 3 0 0 1-3 3h-1zM13 2a1 1 0 0 1 0-2 4 4 0 0 1 4 4v2a4 4 0 0 1-4 4 1 1 0 0 1 0-2 2 2 0 0 0 2-2V4a2 2 0 0 0-2-2z\"><\/path><\/svg><\/div><div class=\"w-iconbox-meta\"><h4 class=\"w-iconbox-title\">Interaktion<\/h4><div class=\"w-iconbox-text\"><p>Veranstalten von Wettbewerben, Events, Workshops, Konzerten usw. sowie Unterst\u00fctzung bei eigenen Veranstaltungen<\/p>\n<\/div><\/div><\/div><\/div><\/div><\/div><\/div><\/div><\/div><\/div><\/section><section class=\"l-section wpb_row height_medium full_height valign_center with_shape\" id=\"fourth\"><div class=\"l-section-shape type_triangle-2 pos_top hor_flip\" style=\"height:15vmin;color:var(--color-content-border)\"><svg xmlns=\"http:\/\/www.w3.org\/2000\/svg\" viewBox=\"0 0 64 8\" preserveAspectRatio=\"none\" width=\"100%\" height=\"100%\">\r\n\t<path fill=\"currentColor\" d=\"M64 8 L0 8 L0 0 L48 7.9 L64 0 Z\"\/>\r\n<\/svg><\/div><div class=\"l-section-shape type_triangle-2 pos_bottom\" style=\"height:15vmin;color:var(--color-content-border)\"><svg xmlns=\"http:\/\/www.w3.org\/2000\/svg\" viewBox=\"0 0 64 8\" preserveAspectRatio=\"none\" width=\"100%\" height=\"100%\">\r\n\t<path fill=\"currentColor\" d=\"M64 8 L0 8 L0 0 L48 7.9 L64 0 Z\"\/>\r\n<\/svg><\/div><div class=\"l-section-h i-cf\"><div class=\"g-cols vc_row via_grid cols_1 laptops-cols_inherit tablets-cols_inherit mobiles-cols_1 valign_top type_default stacking_default\"><div class=\"wpb_column vc_column_container us_custom_60e9caca us_animate_this\"><div class=\"vc_column-inner\"><div class=\"wpb_text_column\"><div class=\"wpb_wrapper\"><h2 style=\"text-align: center;\">Die Idee<\/h2>\n<\/div><\/div><div class=\"w-separator size_small\"><\/div><div class=\"g-cols wpb_row via_grid cols_2 laptops-cols_inherit tablets-cols_inherit mobiles-cols_1 valign_top type_default stacking_default\" style=\"--columns-gap:3rem;\"><div class=\"wpb_column vc_column_container us_custom_7e20fa79 us_animate_this\"><div class=\"vc_column-inner\"><div class=\"w-image align_none\"><div class=\"w-image-h\"><img loading=\"lazy\" decoding=\"async\" width=\"640\" height=\"426\" src=\"https:\/\/vibewe.de\/wp-content\/uploads\/2024\/08\/lightbulb-2010022_640.jpg\" class=\"attachment-full size-full\" alt=\"\" loading=\"lazy\" srcset=\"https:\/\/vibewe.de\/wp-content\/uploads\/2024\/08\/lightbulb-2010022_640.jpg 640w, https:\/\/vibewe.de\/wp-content\/uploads\/2024\/08\/lightbulb-2010022_640-300x200.jpg 300w\" sizes=\"auto, (max-width: 640px) 100vw, 640px\" \/><\/div><\/div><\/div><\/div><div class=\"wpb_column vc_column_container us_custom_47474b22 us_animate_this\"><div class=\"vc_column-inner\"><div class=\"wpb_text_column\"><div class=\"wpb_wrapper\"><p>Wir sammeln sch\u00f6ne Projekte aus Freiburg, der Umgebung und der gesamten Welt und geben damit der Freundlichkeit, Liebe und Hoffnung eine B\u00fchne. Unser Team hat sich darauf spezialisiert, Geschichten ausfindig zu machen, die dich im besten Fall zum L\u00e4cheln bringen sollen.<\/p>\n<p>Wir m\u00f6chten einen Raum schaffen, in dem Gl\u00fcck ansteckend ist und wir alle gemeinsam unsere Freude teilen k\u00f6nnen.<\/p>\n<p>Jede Geschichte, die wir teilen, soll eine Erinnerung daran sein, dass Nettigkeit, Hoffnung und Gl\u00fcck \u00fcberall um uns herum existieren. Egal, ob es eine gro\u00dfz\u00fcgige Geste, eine herausragende Leistung oder einfach nur ein kleiner Augenblick voller Freude ist \u2013 wir m\u00f6chten hier eine Plattform f\u00fcr all das schaffen.<\/p>\n<p>Tauche jetzt ein!<\/p>\n<\/div><\/div><\/div><\/div><\/div><div class=\"w-separator size_medium\"><\/div><div class=\"w-btn-wrapper align_center\"><a class=\"w-btn us-btn-style_1\" href=\"https:\/\/vibewe.de\/?page_id=23926\"><span class=\"w-btn-label\">zu den Bausteinen einer besseren Welt<\/span><\/a><\/div><\/div><\/div><\/div><\/div><\/section><section class=\"l-section wpb_row height_auto full_height valign_center color_secondary with_img\" id=\"fifth\"><div class=\"l-section-img\" role=\"img\" aria-label=\"Bild\" data-img-width=\"1920\" data-img-height=\"1440\" style=\"background-image: url(https:\/\/vibewe.de\/wp-content\/uploads\/2024\/08\/freiburg-92461_1920.jpg);\"><\/div><div class=\"l-section-overlay\" style=\"background:linear-gradient(90deg,#000,rgba(0,0,0,0.00))\"><\/div><div class=\"l-section-h i-cf\"><div class=\"g-cols vc_row via_grid cols_1 laptops-cols_inherit tablets-cols_1 mobiles-cols_1 valign_top type_default reversed stacking_default\" style=\"--columns-gap:0rem;\"><div class=\"wpb_column vc_column_container us_custom_e5713a0c\"><div class=\"vc_column-inner\"><div class=\"w-text us_custom_c2f880d3 has_text_color\"><span class=\"w-text-h\"><span class=\"w-text-value\">Bleibe in Kontakt<\/span><\/span><\/div><div class=\"w-separator size_small\"><\/div><h1 class=\"w-text us_custom_bdf1f3c5\"><span class=\"w-text-h\"><span class=\"w-text-value\">Teile deine Geschichten mit uns<\/span><\/span><\/h1><div class=\"w-hwrapper valign_middle wrap align_none\" style=\"--hwrapper-gap:3rem\"><div class=\"wpb_text_column us_custom_29eda462\"><div class=\"wpb_wrapper\"><p>Deine Meinung und deine Gedanken sind uns Wichtig! Egal ob du Fragen, R\u00fcckmeldungen oder einfach eine eigene positive Geschichte mit uns und Anderen teilen m\u00f6chtest, melde dich gerne.<\/p>\n<p>Du kannst uns per Mail vibewe@rib-ev.de erreichen oder direkt das Kontaktformular nutzen.<\/p>\n<p>Zusammen k\u00f6nnen wir ALLES schaffen.<\/p>\n<\/div><\/div><div class=\"w-btn-wrapper align_none\"><a class=\"w-btn us-btn-style_1 us_custom_0207f80c\" href=\"https:\/\/vibewe.de\/?page_id=24151\"><span class=\"w-btn-label\">Kontakt<\/span><\/a><\/div><\/div><\/div><\/div><\/div><\/div><\/section>\n","protected":false},"excerpt":{"rendered":"VibeWe Vision bessere Welt Die Vision VibeWe \u2013 Vision bessere Welt \u2013 ist das neueste Projekt des R\u00fcstungsInformationsB\u00fcro e.V. in Freiburg. Mit VibeWe setzen wir uns f\u00fcr ein ges\u00fcnderes Miteinander und mehr Inklusion in der Gesellschaft ein. Durch positive Gedanken, gute Nachrichten und erf\u00fcllende Veranstaltungen schaffen wir Raum f\u00fcr das, was uns alle verbindet: gemeinsame...","protected":false},"author":2,"featured_media":0,"parent":0,"menu_order":0,"comment_status":"closed","ping_status":"open","template":"","meta":{"_acf_changed":false,"footnotes":""},"class_list":["post-24057","page","type-page","status-publish","hentry"],"acf":[],"_links":{"self":[{"href":"https:\/\/vibewe.de\/index.php?rest_route=\/wp\/v2\/pages\/24057","targetHints":{"allow":["GET"]}}],"collection":[{"href":"https:\/\/vibewe.de\/index.php?rest_route=\/wp\/v2\/pages"}],"about":[{"href":"https:\/\/vibewe.de\/index.php?rest_route=\/wp\/v2\/types\/page"}],"author":[{"embeddable":true,"href":"https:\/\/vibewe.de\/index.php?rest_route=\/wp\/v2\/users\/2"}],"replies":[{"embeddable":true,"href":"https:\/\/vibewe.de\/index.php?rest_route=%2Fwp%2Fv2%2Fcomments&post=24057"}],"version-history":[{"count":10,"href":"https:\/\/vibewe.de\/index.php?rest_route=\/wp\/v2\/pages\/24057\/revisions"}],"predecessor-version":[{"id":27037,"href":"https:\/\/vibewe.de\/index.php?rest_route=\/wp\/v2\/pages\/24057\/revisions\/27037"}],"wp:attachment":[{"href":"https:\/\/vibewe.de\/index.php?rest_route=%2Fwp%2Fv2%2Fmedia&parent=24057"}],"curies":[{"name":"wp","href":"https:\/\/api.w.org\/{rel}","templated":true}]}}