{"id":24151,"date":"2024-09-04T14:16:41","date_gmt":"2024-09-04T12:16:41","guid":{"rendered":"https:\/\/vibewe.de\/?page_id=24151"},"modified":"2025-12-11T12:04:16","modified_gmt":"2025-12-11T11:04:16","slug":"kontakt-2","status":"publish","type":"page","link":"https:\/\/vibewe.de\/?page_id=24151","title":{"rendered":"Kontakt"},"content":{"rendered":"<section class=\"l-section wpb_row height_small\"><div class=\"l-section-h i-cf\"><div class=\"g-cols vc_row via_grid cols_1 laptops-cols_inherit tablets-cols_inherit mobiles-cols_1 valign_top type_default stacking_default\"><div class=\"wpb_column vc_column_container\"><div class=\"vc_column-inner\"><h2 class=\"w-post-elm post_title align_center entry-title color_link_inherit\">Kontakt<\/h2><\/div><\/div><\/div><\/div><\/section><section class=\"l-section wpb_row height_medium\"><div class=\"l-section-h i-cf\"><div class=\"g-cols vc_row via_grid cols_2-1 laptops-cols_inherit tablets-cols_inherit mobiles-cols_1 valign_top type_default stacking_default\"><div class=\"wpb_column vc_column_container\"><div class=\"vc_column-inner\">\n<div class=\"wpcf7 no-js\" id=\"wpcf7-f23836-o1\" lang=\"de-DE\" dir=\"ltr\" data-wpcf7-id=\"23836\">\n<div class=\"screen-reader-response\"><p role=\"status\" aria-live=\"polite\" aria-atomic=\"true\"><\/p> <ul><\/ul><\/div>\n<form action=\"\/index.php?rest_route=%2Fwp%2Fv2%2Fpages%2F24151#wpcf7-f23836-o1\" method=\"post\" class=\"wpcf7-form init\" aria-label=\"Kontaktformular\" novalidate=\"novalidate\" data-status=\"init\">\n<fieldset class=\"hidden-fields-container\"><input type=\"hidden\" name=\"_wpcf7\" value=\"23836\" \/><input type=\"hidden\" name=\"_wpcf7_version\" value=\"6.1.5\" \/><input type=\"hidden\" name=\"_wpcf7_locale\" value=\"de_DE\" \/><input type=\"hidden\" name=\"_wpcf7_unit_tag\" value=\"wpcf7-f23836-o1\" \/><input type=\"hidden\" name=\"_wpcf7_container_post\" value=\"0\" \/><input type=\"hidden\" name=\"_wpcf7_posted_data_hash\" value=\"\" \/><input type=\"hidden\" name=\"_wpcf7_recaptcha_response\" value=\"\" \/>\n<\/fieldset>\n<style>\n.material-icons{\n font-size: 16px;\n}\n<\/style>\n<p><label> Dein Name<br \/>\n<span class=\"wpcf7-form-control-wrap\" data-name=\"your-name\"><input size=\"40\" maxlength=\"400\" class=\"wpcf7-form-control wpcf7-text\" autocomplete=\"name\" aria-invalid=\"false\" value=\"\" type=\"text\" name=\"your-name\" \/><\/span> <\/label>\n<\/p>\n<p><label> Deine E-Mail-Adresse*<br \/>\n<span class=\"wpcf7-form-control-wrap\" data-name=\"your-email\"><input size=\"40\" maxlength=\"400\" class=\"wpcf7-form-control wpcf7-email wpcf7-validates-as-required wpcf7-text wpcf7-validates-as-email\" autocomplete=\"email\" aria-required=\"true\" aria-invalid=\"false\" value=\"\" type=\"email\" name=\"your-email\" \/><\/span> <\/label>\n<\/p>\n<p><label> Deine Telefonnummer<br \/>\n<span class=\"wpcf7-form-control-wrap\" data-name=\"Telefon\"><input size=\"40\" maxlength=\"400\" class=\"wpcf7-form-control wpcf7-tel wpcf7-text wpcf7-validates-as-tel\" aria-invalid=\"false\" value=\"\" type=\"tel\" name=\"Telefon\" \/><\/span> <\/label>\n<\/p>\n<p><label> Deine Nachricht*<br \/>\n<span class=\"wpcf7-form-control-wrap\" data-name=\"your-message\"><textarea cols=\"40\" rows=\"10\" maxlength=\"2000\" class=\"wpcf7-form-control wpcf7-textarea wpcf7-validates-as-required\" aria-required=\"true\" aria-invalid=\"false\" name=\"your-message\"><\/textarea><\/span><\/label>\n<\/p>\n<p><label> Datenschutz*<br \/>\n<span class=\"wpcf7-form-control-wrap\" data-name=\"Datenschutz\"><span class=\"wpcf7-form-control wpcf7-acceptance\"><span class=\"wpcf7-list-item\"><label><input type=\"checkbox\" name=\"Datenschutz\" value=\"1\" aria-invalid=\"false\" \/><span class=\"wpcf7-list-item-label\">Hinweise zum Datenschutz habe ich gelesen und verstanden<\/br>\n    <a target=\"_blank\" rel=\"noopener noreferrer\" rel=\"privacy-policy\" href=\"https:\/\/vibewe.de\/?page_id=24010\">Datenschutzhinweise<\/a><\/span><\/label><\/span><\/span><\/span><\/label>\n<\/p>\n<p><input class=\"wpcf7-form-control wpcf7-submit has-spinner\" type=\"submit\" value=\"Senden\" \/>\n<\/p>\n<p><label> * Pflichtfelder <\/label>\n<\/p><div class=\"wpcf7-response-output\" aria-hidden=\"true\"><\/div>\n<\/form>\n<\/div>\n<\/div><\/div><div class=\"wpb_column vc_column_container\"><div class=\"vc_column-inner\"><div class=\"wpb_text_column\"><div class=\"wpb_wrapper\"><h3>Info<\/h3>\n<\/div><\/div><div class=\"w-separator size_small\"><\/div><div class=\"w-iconbox iconpos_left style_default color_primary align_left no_text icontype_img\"><div class=\"w-iconbox-icon\" style=\"font-size:;\"><svg xmlns=\"http:\/\/www.w3.org\/2000\/svg\" viewBox=\"-2 -2 24 24\" width=\"28\" fill=\"currentColor\"><path d=\"M18 18V7.132l-8-4.8-8 4.8V18h4v-2.75a4 4 0 1 1 8 0V18h4zm-6 2v-4.75a2 2 0 1 0-4 0V20H2a2 2 0 0 1-2-2V7.132a2 2 0 0 1 .971-1.715l8-4.8a2 2 0 0 1 2.058 0l8 4.8A2 2 0 0 1 20 7.132V18a2 2 0 0 1-2 2h-6z\"><\/path><\/svg><\/div><div class=\"w-iconbox-meta\"><h6 class=\"w-iconbox-title\">R\u00fcstungsInformationsB\u00fcro e.V.<br \/>\nSt\u00fchlingerstra\u00dfe 7<br \/>\n79106 Freiburg<\/h6><\/div><\/div><div class=\"w-separator size_small\"><\/div><div class=\"w-iconbox iconpos_left style_default color_primary align_left no_text icontype_img\"><a href=\" mailto:vibewe@rib-ev.de\" class=\"w-iconbox-link\" aria-label=\"vibewe@vibewe.de\"><div class=\"w-iconbox-icon\" style=\"font-size:;\"><svg xmlns=\"http:\/\/www.w3.org\/2000\/svg\" viewBox=\"-2 -5 24 24\" width=\"28\" fill=\"currentColor\"><path d=\"M3.598 2l5.747 5.12a1 1 0 0 0 1.33 0L16.423 2H3.598zM18 3.273l-5.994 5.341a3 3 0 0 1-3.992 0L2 3.254V12h16V3.273zM2 0h16a2 2 0 0 1 2 2v10a2 2 0 0 1-2 2H2a2 2 0 0 1-2-2V2a2 2 0 0 1 2-2z\"><\/path><\/svg><\/div><\/a><div class=\"w-iconbox-meta\"><h6 class=\"w-iconbox-title\"><a href=\" mailto:vibewe@rib-ev.de\" class=\"w-iconbox-link\" aria-label=\"vibewe@vibewe.de\">vibewe@vibewe.de<\/a><\/h6><\/div><\/div><div class=\"w-separator size_small\"><\/div><div class=\"w-iconbox iconpos_left style_default color_primary align_left no_text icontype_img\"><div class=\"w-iconbox-icon\" style=\"font-size:;\"><svg xmlns=\"http:\/\/www.w3.org\/2000\/svg\" viewBox=\"-6 -2 24 24\" width=\"28\" fill=\"currentColor\"><path d=\"M3 0h6a3 3 0 0 1 3 3v14a3 3 0 0 1-3 3H3a3 3 0 0 1-3-3V3a3 3 0 0 1 3-3zm0 2a1 1 0 0 0-1 1v14a1 1 0 0 0 1 1h6a1 1 0 0 0 1-1V3a1 1 0 0 0-1-1H3zm3 15a1 1 0 1 1 0-2 1 1 0 0 1 0 2z\"><\/path><\/svg><\/div><div class=\"w-iconbox-meta\"><h6 class=\"w-iconbox-title\">0049 761-7678088<\/h6><\/div><\/div><div class=\"w-separator size_small\"><\/div><div class=\"w-separator size_small\"><\/div><\/div><\/div><\/div><\/div><\/section><section class=\"l-section wpb_row height_auto width_full\"><div class=\"l-section-h i-cf\"><div class=\"g-cols vc_row via_grid cols_1 laptops-cols_inherit tablets-cols_inherit mobiles-cols_1 valign_top type_default stacking_default\"><div class=\"wpb_column vc_column_container\"><div class=\"vc_column-inner\"><div class=\"w-tabs style_default switch_click accordion type_togglable has_scrolling\" style=\"--sections-title-size:inherit\"><div class=\"w-tabs-sections titles-align_center icon_chevron cpos_right\"><div class=\"w-tabs-section no_indents active has_text_color\" id=\"map-section\" style=\"background:var(--color-content-secondary);color:#ffffff;\"><button class=\"w-tabs-section-header active with_icon\" aria-controls=\"content-map-section\" aria-expanded=\"true\"><i class=\"material-icons\">place<\/i><div class=\"w-tabs-section-title\">VIEW US ON THE MAP<\/div><div class=\"w-tabs-section-control\"><\/div><\/button><div  class=\"w-tabs-section-content\" id=\"content-map-section\"><div class=\"w-tabs-section-content-h i-cf\"><div class=\"w-map provider_osm confirm_load\" id=\"us_map_1\" data-cookie-name=\"osm_load_confirmed\"><script type=\"text\/template\">PGRpdiBjbGFzcz0idy1tYXAtaW5uZXIiPjxkaXYgY2xhc3M9InctbWFwLWpzb24iIG9uY2xpY2s9J3JldHVybiB7JnF1b3Q7YWRkcmVzcyZxdW90OzomcXVvdDs3OTEwNiBGcmVpYnVyZyBTdFx1MDBmY2hsaW5nZXJzdHJhXHUwMGRmZSA3JnF1b3Q7LCZxdW90O2Rpc2FibGVEcmFnZ2luZyZxdW90OzoxLCZxdW90O2Rpc2FibGVab29tJnF1b3Q7OjAsJnF1b3Q7aGlkZUNvbnRyb2xzJnF1b3Q7OjAsJnF1b3Q7em9vbSZxdW90OzoxNCwmcXVvdDttYXJrZXJzJnF1b3Q7Olt7JnF1b3Q7YWRkcmVzcyZxdW90OzomcXVvdDs3OTEwNiBGcmVpYnVyZyBTdFx1MDBmY2hsaW5nZXJzdHJhXHUwMGRmZSA3JnF1b3Q7LCZxdW90O2h0bWwmcXVvdDs6JnF1b3Q7T3VyIG1haW4gb2ZmaWNlJnF1b3Q7LCZxdW90O2luZm93aW5kb3cmcXVvdDs6MH1dLCZxdW90O3N0eWxlJnF1b3Q7OiZxdW90O2h0dHBzOlwvXC97c30udGlsZS5vcGVuc3RyZWV0bWFwLm9yZ1wve3p9XC97eH1cL3t5fS5wbmcmcXVvdDt9Jz48L2Rpdj48L2Rpdj4=<\/script><div class=\"w-map-privacy\"><p>Durch das Laden dieser Karte stimmen Sie der Datenschutzrichtlinie von <a href=\"https:\/\/wiki.osmfoundation.org\/wiki\/Privacy_Policy\" target=\"_blank\" rel=\"nofollow noreferrer\">OpenStreetMap Foundation<\/a> zu.<\/p><p><label><input type=\"checkbox\" name=\"osm_load_confirmed[us_map_1]\" value=\"0\"><span>Lade solche Karten immer auf dieser Seite<\/span><\/label><\/p><p><button class=\"w-btn action_confirm_load us-btn-style_1\" type=\"button\"><span class=\"w-btn-label\">Karte laden<\/span><\/button><\/p><\/div><\/div><\/div><\/div><\/div><\/div><\/div><\/div><\/div><\/div><\/div><\/section>\n","protected":false},"excerpt":{"rendered":"Kontakt Dein Name Deine E-Mail-Adresse* Deine Telefonnummer Deine Nachricht* Datenschutz* Hinweise zum Datenschutz habe ich gelesen und verstanden Datenschutzhinweise * Pflichtfelder Info R\u00fcstungsInformationsB\u00fcro e.V. St\u00fchlingerstra\u00dfe 7 79106 Freiburgvibewe@vibewe.de0049 761-7678088placeVIEW US ON THE MAPDurch das Laden dieser Karte stimmen Sie der Datenschutzrichtlinie von OpenStreetMap Foundation zu.Lade solche Karten immer auf dieser SeiteKarte laden","protected":false},"author":2,"featured_media":0,"parent":0,"menu_order":0,"comment_status":"closed","ping_status":"closed","template":"","meta":{"_acf_changed":false,"footnotes":""},"class_list":["post-24151","page","type-page","status-publish","hentry"],"acf":[],"_links":{"self":[{"href":"https:\/\/vibewe.de\/index.php?rest_route=\/wp\/v2\/pages\/24151","targetHints":{"allow":["GET"]}}],"collection":[{"href":"https:\/\/vibewe.de\/index.php?rest_route=\/wp\/v2\/pages"}],"about":[{"href":"https:\/\/vibewe.de\/index.php?rest_route=\/wp\/v2\/types\/page"}],"author":[{"embeddable":true,"href":"https:\/\/vibewe.de\/index.php?rest_route=\/wp\/v2\/users\/2"}],"replies":[{"embeddable":true,"href":"https:\/\/vibewe.de\/index.php?rest_route=%2Fwp%2Fv2%2Fcomments&post=24151"}],"version-history":[{"count":10,"href":"https:\/\/vibewe.de\/index.php?rest_route=\/wp\/v2\/pages\/24151\/revisions"}],"predecessor-version":[{"id":27403,"href":"https:\/\/vibewe.de\/index.php?rest_route=\/wp\/v2\/pages\/24151\/revisions\/27403"}],"wp:attachment":[{"href":"https:\/\/vibewe.de\/index.php?rest_route=%2Fwp%2Fv2%2Fmedia&parent=24151"}],"curies":[{"name":"wp","href":"https:\/\/api.w.org\/{rel}","templated":true}]}}